{"id":6712,"date":"2024-10-17T13:16:32","date_gmt":"2024-10-17T11:16:32","guid":{"rendered":"https:\/\/bfc-profile.com\/descargar\/"},"modified":"2024-11-27T14:47:04","modified_gmt":"2024-11-27T13:47:04","slug":"descargar","status":"publish","type":"page","link":"https:\/\/bfc-profile.com\/es\/descargar\/","title":{"rendered":"descargar"},"content":{"rendered":"\n<div style=\"height:160px\" aria-hidden=\"true\" class=\"wp-block-spacer\"><\/div>\n\n<h1 class=\"wp-block-heading\"><br\/>Descargas Certificados por ubicaci\u00f3n<\/h1>\n\n<div style=\"height:40px\" aria-hidden=\"true\" class=\"wp-block-spacer\"><\/div>\n\n<h3 class=\"wp-block-heading\" style=\"font-size:clamp(0.875em, 0.875rem + ((1vw - 0.2em) * 0.031), 0.9em);font-style:normal;font-weight:700\">Alemania, Bietigheim-Bissingen<\/h3>\n\n<div style=\"height:20px\" aria-hidden=\"true\" class=\"wp-block-spacer\"><\/div>\n<div class=\"certificates-wrapper\"><div class=\"certificate-location\" data-location=\"bietigheim\" data-country=\"deutschland\"><div class=\"certificate-image\"><img loading=\"lazy\" decoding=\"async\" width=\"167\" height=\"236\" src=\"https:\/\/bfc-profile.com\/wp-content\/uploads\/2024\/10\/QM.png\" class=\"img-responsive\" alt=\"\" srcset=\"https:\/\/bfc-profile.com\/wp-content\/uploads\/2024\/10\/QM.png 632w, https:\/\/bfc-profile.com\/wp-content\/uploads\/2024\/10\/QM-212x300.png 212w\" sizes=\"auto, (max-width: 167px) 100vw, 167px\" \/><\/div><div class=\"certificate-caption\"><p class=\"certificate-title\"><br>Certificado QM ISO 9001 [EN]<\/p><p class=\"certificate-download\"><a href=\"https:\/\/bfc-profile.com\/wp-content\/uploads\/2024\/10\/073009-CERTIFICATE-englisch-2024-09-06-QM15.pdf\" target=\"_blank\"><i class=\"certificate-chevron\"><\/i>PDF Download<\/a><\/p><\/div><\/div><div class=\"certificate-location\" data-location=\"bietigheim\" data-country=\"deutschland\"><div class=\"certificate-image\"><img loading=\"lazy\" decoding=\"async\" width=\"166\" height=\"236\" src=\"https:\/\/bfc-profile.com\/wp-content\/uploads\/2024\/10\/um15-Bietigheim.png\" class=\"img-responsive\" alt=\"\" srcset=\"https:\/\/bfc-profile.com\/wp-content\/uploads\/2024\/10\/um15-Bietigheim.png 537w, https:\/\/bfc-profile.com\/wp-content\/uploads\/2024\/10\/um15-Bietigheim-211x300.png 211w\" sizes=\"auto, (max-width: 166px) 100vw, 166px\" \/><\/div><div class=\"certificate-caption\"><p class=\"certificate-title\"><br>Certificado UM ISO 14001 [EN]<\/p><p class=\"certificate-download\"><a href=\"https:\/\/bfc-profile.com\/wp-content\/uploads\/2024\/10\/073009-CERTIFICATE-englisch-2024-09-06-UM15-1.pdf\" target=\"_blank\"><i class=\"certificate-chevron\"><\/i>PDF Download<\/a><\/p><\/div><\/div><\/div>\n\n<div style=\"height:80px\" aria-hidden=\"true\" class=\"wp-block-spacer\"><\/div>\n\n<h3 class=\"wp-block-heading\" style=\"font-size:clamp(0.875em, 0.875rem + ((1vw - 0.2em) * 0.031), 0.9em);font-style:normal;font-weight:700\">Logro\u00f1o, Espa\u00f1a<\/h3>\n\n<div style=\"height:20px\" aria-hidden=\"true\" class=\"wp-block-spacer\"><\/div>\n<div class=\"certificates-wrapper\"><div class=\"certificate-location\" data-location=\"logrono\" data-country=\"spanien\"><div class=\"certificate-image\"><img loading=\"lazy\" decoding=\"async\" width=\"166\" height=\"236\" src=\"https:\/\/bfc-profile.com\/wp-content\/uploads\/2024\/11\/zertifikat-spanien-vorschau.webp\" class=\"img-responsive\" alt=\"\" srcset=\"https:\/\/bfc-profile.com\/wp-content\/uploads\/2024\/11\/zertifikat-spanien-vorschau.webp 500w, https:\/\/bfc-profile.com\/wp-content\/uploads\/2024\/11\/zertifikat-spanien-vorschau-211x300.webp 211w\" sizes=\"auto, (max-width: 166px) 100vw, 166px\" \/><\/div><div class=\"certificate-caption\"><p class=\"certificate-title\">Certificado ISO 9001<br>[EN]<\/p><p class=\"certificate-download\"><a href=\"https:\/\/bfc-profile.com\/wp-content\/uploads\/2024\/11\/073009-BFC-Fahrzeugteile-GmbH-CERTIFICATE-englisch-2024-09-06-QM15.pdf\" target=\"_blank\"><i class=\"certificate-chevron\"><\/i>PDF Download<\/a><\/p><\/div><\/div><\/div>\n\n<div style=\"height:80px\" aria-hidden=\"true\" class=\"wp-block-spacer\"><\/div>\n\n<h3 class=\"wp-block-heading\" style=\"font-size:clamp(0.875em, 0.875rem + ((1vw - 0.2em) * 0.031), 0.9em);font-style:normal;font-weight:700\">Turqu\u00eda, Estambul<\/h3>\n\n<div style=\"height:20px\" aria-hidden=\"true\" class=\"wp-block-spacer\"><\/div>\n<div class=\"certificates-wrapper\"><div class=\"certificate-location\" data-location=\"istanbul\" data-country=\"t\u00fcrkei\"><div class=\"certificate-image\"><img loading=\"lazy\" decoding=\"async\" width=\"165\" height=\"236\" src=\"https:\/\/bfc-profile.com\/wp-content\/uploads\/2024\/11\/BFCOTOmotive-14.png\" class=\"img-responsive\" alt=\"\" srcset=\"https:\/\/bfc-profile.com\/wp-content\/uploads\/2024\/11\/BFCOTOmotive-14.png 655w, https:\/\/bfc-profile.com\/wp-content\/uploads\/2024\/11\/BFCOTOmotive-14-209x300.png 209w\" sizes=\"auto, (max-width: 165px) 100vw, 165px\" \/><\/div><div class=\"certificate-caption\"><p class=\"certificate-title\"><br>Certificado UM ISO 14001 [EN]<\/p><p class=\"certificate-download\"><a href=\"https:\/\/bfc-profile.com\/wp-content\/uploads\/2024\/11\/BFC-OTOMOTIV-14001-EN.pdf\" target=\"_blank\"><i class=\"certificate-chevron\"><\/i>PDF Download<\/a><\/p><\/div><\/div><div class=\"certificate-location\" data-location=\"istanbul\" data-country=\"t\u00fcrkei\"><div class=\"certificate-image\"><img loading=\"lazy\" decoding=\"async\" width=\"165\" height=\"236\" src=\"https:\/\/bfc-profile.com\/wp-content\/uploads\/2024\/11\/BFCOTOmotive-90.png\" class=\"img-responsive\" alt=\"\" srcset=\"https:\/\/bfc-profile.com\/wp-content\/uploads\/2024\/11\/BFCOTOmotive-90.png 655w, https:\/\/bfc-profile.com\/wp-content\/uploads\/2024\/11\/BFCOTOmotive-90-210x300.png 210w\" sizes=\"auto, (max-width: 165px) 100vw, 165px\" \/><\/div><div class=\"certificate-caption\"><p class=\"certificate-title\"><br>Certificado QM ISO 9001 [EN]<\/p><p class=\"certificate-download\"><a href=\"https:\/\/bfc-profile.com\/wp-content\/uploads\/2024\/11\/BFC-OTOMOTIV-9001-EN.pdf\" target=\"_blank\"><i class=\"certificate-chevron\"><\/i>PDF Download<\/a><\/p><\/div><\/div><\/div>\n\n<div style=\"height:80px\" aria-hidden=\"true\" class=\"wp-block-spacer\"><\/div>\n\n<h3 class=\"wp-block-heading\" style=\"font-size:clamp(0.875em, 0.875rem + ((1vw - 0.2em) * 0.031), 0.9em);font-style:normal;font-weight:700\">M\u00e9xico, Aguascalientes<\/h3>\n\n<div style=\"height:20px\" aria-hidden=\"true\" class=\"wp-block-spacer\"><\/div>\n<div class=\"certificates-wrapper\"><div class=\"certificate-location\" data-location=\"aguascalientes\" data-country=\"mexiko\"><div class=\"certificate-image\"><img loading=\"lazy\" decoding=\"async\" width=\"182\" height=\"236\" src=\"https:\/\/bfc-profile.com\/wp-content\/uploads\/2024\/11\/SQA-13.png\" class=\"img-responsive\" alt=\"\" srcset=\"https:\/\/bfc-profile.com\/wp-content\/uploads\/2024\/11\/SQA-13.png 724w, https:\/\/bfc-profile.com\/wp-content\/uploads\/2024\/11\/SQA-13-232x300.png 232w\" sizes=\"auto, (max-width: 182px) 100vw, 182px\" \/><\/div><div class=\"certificate-caption\"><p class=\"certificate-title\">Certificado de registro<br>[EN]<\/p><p class=\"certificate-download\"><a href=\"https:\/\/bfc-profile.com\/wp-content\/uploads\/2024\/11\/SQA-13-IATF-16949-Certificate-of-Approval-Rev-3_18_21-Arr-1.pdf\" target=\"_blank\"><i class=\"certificate-chevron\"><\/i>PDF Download<\/a><\/p><\/div><\/div><div class=\"certificate-location\" data-location=\"aguascalientes\" data-country=\"mexiko\"><div class=\"certificate-image\"><img loading=\"lazy\" decoding=\"async\" width=\"182\" height=\"236\" src=\"https:\/\/bfc-profile.com\/wp-content\/uploads\/2024\/11\/ISO-9001.png\" class=\"img-responsive\" alt=\"\" srcset=\"https:\/\/bfc-profile.com\/wp-content\/uploads\/2024\/11\/ISO-9001.png 722w, https:\/\/bfc-profile.com\/wp-content\/uploads\/2024\/11\/ISO-9001-231x300.png 231w\" sizes=\"auto, (max-width: 182px) 100vw, 182px\" \/><\/div><div class=\"certificate-caption\"><p class=\"certificate-title\"><br>Certificado QM ISO 9001 [EN]<\/p><p class=\"certificate-download\"><a href=\"https:\/\/bfc-profile.com\/wp-content\/uploads\/2024\/11\/ISO-9001-Certificate.pdf\" target=\"_blank\"><i class=\"certificate-chevron\"><\/i>PDF Download<\/a><\/p><\/div><\/div><div class=\"certificate-location\" data-location=\"aguascalientes\" data-country=\"mexiko\"><div class=\"certificate-image\"><img loading=\"lazy\" decoding=\"async\" width=\"182\" height=\"236\" src=\"https:\/\/bfc-profile.com\/wp-content\/uploads\/2024\/11\/IATF-16949.png\" class=\"img-responsive\" alt=\"\" srcset=\"https:\/\/bfc-profile.com\/wp-content\/uploads\/2024\/11\/IATF-16949.png 721w, https:\/\/bfc-profile.com\/wp-content\/uploads\/2024\/11\/IATF-16949-231x300.png 231w\" sizes=\"auto, (max-width: 182px) 100vw, 182px\" \/><\/div><div class=\"certificate-caption\"><p class=\"certificate-title\">Certificado IATF 16949<br>[EN]<\/p><p class=\"certificate-download\"><a href=\"https:\/\/bfc-profile.com\/wp-content\/uploads\/2024\/11\/IATF-16949-Certificate.pdf\" target=\"_blank\"><i class=\"certificate-chevron\"><\/i>PDF Download<\/a><\/p><\/div><\/div><\/div>\n\n<div style=\"height:80px\" aria-hidden=\"true\" class=\"wp-block-spacer\"><\/div>\n\n<h3 class=\"wp-block-heading\" style=\"font-size:clamp(0.875em, 0.875rem + ((1vw - 0.2em) * 0.031), 0.9em);font-style:normal;font-weight:700\">EEUU, Cleveland<\/h3>\n\n<div style=\"height:20px\" aria-hidden=\"true\" class=\"wp-block-spacer\"><\/div>\n<div class=\"certificates-wrapper\"><div class=\"certificate-location\" data-location=\"cleveland\" data-country=\"usa\"><div class=\"certificate-image\"><img loading=\"lazy\" decoding=\"async\" width=\"182\" height=\"236\" src=\"https:\/\/bfc-profile.com\/wp-content\/uploads\/2024\/10\/IATF16949-2026.png\" class=\"img-responsive\" alt=\"\" srcset=\"https:\/\/bfc-profile.com\/wp-content\/uploads\/2024\/10\/IATF16949-2026.png 723w, https:\/\/bfc-profile.com\/wp-content\/uploads\/2024\/10\/IATF16949-2026-232x300.png 232w\" sizes=\"auto, (max-width: 182px) 100vw, 182px\" \/><\/div><div class=\"certificate-caption\"><p class=\"certificate-title\">Certificado IATF de Cleveland<br>[EN]<\/p><p class=\"certificate-download\"><a href=\"https:\/\/bfc-profile.com\/wp-content\/uploads\/2024\/10\/Arrowhead-Industries-Cleveland-IATF-Certificate-1.pdf\" target=\"_blank\"><i class=\"certificate-chevron\"><\/i>PDF Download<\/a><\/p><\/div><\/div><\/div>\n\n<div style=\"height:80px\" aria-hidden=\"true\" class=\"wp-block-spacer\"><\/div>\n\n<h3 class=\"wp-block-heading\" style=\"font-size:clamp(0.875em, 0.875rem + ((1vw - 0.2em) * 0.031), 0.9em);font-style:normal;font-weight:700\">China, Shanghai<\/h3>\n\n<div style=\"height:20px\" aria-hidden=\"true\" class=\"wp-block-spacer\"><\/div>\n<div class=\"certificates-wrapper\"><div class=\"certificate-location\" data-location=\"shanghai\" data-country=\"china\"><div class=\"certificate-image\"><img loading=\"lazy\" decoding=\"async\" width=\"167\" height=\"236\" src=\"https:\/\/bfc-profile.com\/wp-content\/uploads\/2024\/10\/IATF16949_shanghai-preview.webp\" class=\"img-responsive\" alt=\"\" srcset=\"https:\/\/bfc-profile.com\/wp-content\/uploads\/2024\/10\/IATF16949_shanghai-preview.webp 500w, https:\/\/bfc-profile.com\/wp-content\/uploads\/2024\/10\/IATF16949_shanghai-preview-212x300.webp 212w\" sizes=\"auto, (max-width: 167px) 100vw, 167px\" \/><\/div><div class=\"certificate-caption\"><p class=\"certificate-title\">Certificado ISS<br>[CN+EN]<\/p><p class=\"certificate-download\"><a href=\"https:\/\/bfc-profile.com\/wp-content\/uploads\/2024\/10\/IATF16949_shanghai.pdf\" target=\"_blank\"><i class=\"certificate-chevron\"><\/i>PDF Download<\/a><\/p><\/div><\/div><\/div>\n\n<div style=\"height:80px\" aria-hidden=\"true\" class=\"wp-block-spacer\"><\/div>\n\n<h3 class=\"wp-block-heading\" style=\"font-size:clamp(0.875em, 0.875rem + ((1vw - 0.2em) * 0.031), 0.9em);font-style:normal;font-weight:700\">China, Anshan<\/h3>\n\n<div style=\"height:20px\" aria-hidden=\"true\" class=\"wp-block-spacer\"><\/div>\n<div class=\"certificates-wrapper\"><div class=\"certificate-location\" data-location=\"anshan\" data-country=\"china\"><div class=\"certificate-image\"><img loading=\"lazy\" decoding=\"async\" width=\"168\" height=\"236\" src=\"https:\/\/bfc-profile.com\/wp-content\/uploads\/2024\/10\/iso-9001-anshan-preview.webp\" class=\"img-responsive\" alt=\"\" srcset=\"https:\/\/bfc-profile.com\/wp-content\/uploads\/2024\/10\/iso-9001-anshan-preview.webp 500w, https:\/\/bfc-profile.com\/wp-content\/uploads\/2024\/10\/iso-9001-anshan-preview-213x300.webp 213w\" sizes=\"auto, (max-width: 168px) 100vw, 168px\" \/><\/div><div class=\"certificate-caption\"><p class=\"certificate-title\">Certificado ISO 9001 Anshan<br>[CN+EN]<\/p><p class=\"certificate-download\"><a href=\"https:\/\/bfc-profile.com\/wp-content\/uploads\/2024\/10\/IATF16949-BFC-Anshan.pdf\" target=\"_blank\"><i class=\"certificate-chevron\"><\/i>PDF Download<\/a><\/p><\/div><\/div><\/div>\n\n<div style=\"height:80px\" aria-hidden=\"true\" class=\"wp-block-spacer\"><\/div>\n\n<h3 class=\"wp-block-heading\" style=\"font-size:clamp(0.875em, 0.875rem + ((1vw - 0.2em) * 0.031), 0.9em);font-style:normal;font-weight:700\">China, Chongqing<\/h3>\n\n<div style=\"height:20px\" aria-hidden=\"true\" class=\"wp-block-spacer\"><\/div>\n<div class=\"certificates-wrapper\"><div class=\"certificate-location\" data-location=\"chongqing\" data-country=\"china\"><div class=\"certificate-image\"><img loading=\"lazy\" decoding=\"async\" width=\"167\" height=\"236\" src=\"https:\/\/bfc-profile.com\/wp-content\/uploads\/2024\/11\/TF16949.png\" class=\"img-responsive\" alt=\"\" srcset=\"https:\/\/bfc-profile.com\/wp-content\/uploads\/2024\/11\/TF16949.png 660w, https:\/\/bfc-profile.com\/wp-content\/uploads\/2024\/11\/TF16949-212x300.png 212w\" sizes=\"auto, (max-width: 167px) 100vw, 167px\" \/><\/div><div class=\"certificate-caption\"><p class=\"certificate-title\">Certificado IATF 16949<br>[CN]<\/p><p class=\"certificate-download\"><a href=\"https:\/\/bfc-profile.com\/wp-content\/uploads\/2024\/11\/TF16949\u4f53\u7cfb\u8bc1\u4e662023.pdf\" target=\"_blank\"><i class=\"certificate-chevron\"><\/i>PDF Download<\/a><\/p><\/div><\/div><\/div>\n\n<div style=\"height:80px\" aria-hidden=\"true\" class=\"wp-block-spacer\"><\/div>\n\n<p><\/p>\n","protected":false},"excerpt":{"rendered":"<p>Descargas Certificados por ubicaci\u00f3n Alemania, Bietigheim-Bissingen Logro\u00f1o, Espa\u00f1a Turqu\u00eda, Estambul M\u00e9xico, Aguascalientes EEUU, Cleveland China, Shanghai China, Anshan China, Chongqing<\/p>\n","protected":false},"author":1,"featured_media":0,"parent":0,"menu_order":0,"comment_status":"closed","ping_status":"closed","template":"page-no-title","meta":{"_acf_changed":false,"_eb_attr":"","_eb_data_table":"","footnotes":""},"class_list":["post-6712","page","type-page","status-publish","hentry"],"acf":[],"yoast_head":"<!-- This site is optimized with the Yoast SEO plugin v27.2 - https:\/\/yoast.com\/product\/yoast-seo-wordpress\/ -->\n<title>bfc \u2013 the innovative cut | Certificados y descargas - Sostenibilidad en bfc<\/title>\n<meta name=\"description\" content=\"Descarga certificados como ISO 9001 e IATF 16949 para las sedes de bfc en todo el mundo. Gesti\u00f3n de la calidad y el medio ambiente al m\u00e1s alto nivel.\" \/>\n<meta name=\"robots\" content=\"index, follow, max-snippet:-1, max-image-preview:large, max-video-preview:-1\" \/>\n<link rel=\"canonical\" href=\"https:\/\/bfc-profile.com\/es\/descargar\/\" \/>\n<meta property=\"og:locale\" content=\"es_ES\" \/>\n<meta property=\"og:type\" content=\"article\" \/>\n<meta property=\"og:title\" content=\"bfc \u2013 the innovative cut | Certificados y descargas - Sostenibilidad en bfc\" \/>\n<meta property=\"og:description\" content=\"Descarga certificados como ISO 9001 e IATF 16949 para las sedes de bfc en todo el mundo. Gesti\u00f3n de la calidad y el medio ambiente al m\u00e1s alto nivel.\" \/>\n<meta property=\"og:url\" content=\"https:\/\/bfc-profile.com\/es\/descargar\/\" \/>\n<meta property=\"og:site_name\" content=\"bfc \u2013 the innovative cut\" \/>\n<meta property=\"article:modified_time\" content=\"2024-11-27T13:47:04+00:00\" \/>\n<meta name=\"twitter:card\" content=\"summary_large_image\" \/>\n<script type=\"application\/ld+json\" class=\"yoast-schema-graph\">{\"@context\":\"https:\/\/schema.org\",\"@graph\":[{\"@type\":\"WebPage\",\"@id\":\"https:\/\/bfc-profile.com\/es\/descargar\/\",\"url\":\"https:\/\/bfc-profile.com\/es\/descargar\/\",\"name\":\"bfc \u2013 the innovative cut | Certificados y descargas - Sostenibilidad en bfc\",\"isPartOf\":{\"@id\":\"https:\/\/bfc-profile.com\/es\/#website\"},\"datePublished\":\"2024-10-17T11:16:32+00:00\",\"dateModified\":\"2024-11-27T13:47:04+00:00\",\"description\":\"Descarga certificados como ISO 9001 e IATF 16949 para las sedes de bfc en todo el mundo. Gesti\u00f3n de la calidad y el medio ambiente al m\u00e1s alto nivel.\",\"breadcrumb\":{\"@id\":\"https:\/\/bfc-profile.com\/es\/descargar\/#breadcrumb\"},\"inLanguage\":\"es\",\"potentialAction\":[{\"@type\":\"ReadAction\",\"target\":[\"https:\/\/bfc-profile.com\/es\/descargar\/\"]}]},{\"@type\":\"BreadcrumbList\",\"@id\":\"https:\/\/bfc-profile.com\/es\/descargar\/#breadcrumb\",\"itemListElement\":[{\"@type\":\"ListItem\",\"position\":1,\"name\":\"Startseite\",\"item\":\"https:\/\/bfc-profile.com\/es\/\"},{\"@type\":\"ListItem\",\"position\":2,\"name\":\"descargar\"}]},{\"@type\":\"WebSite\",\"@id\":\"https:\/\/bfc-profile.com\/es\/#website\",\"url\":\"https:\/\/bfc-profile.com\/es\/\",\"name\":\"bfc \u2013 the innovative cut\",\"description\":\"Innovative Klemmprofile mit nachhaltigen L\u00f6sungen\",\"publisher\":{\"@id\":\"https:\/\/bfc-profile.com\/es\/#organization\"},\"potentialAction\":[{\"@type\":\"SearchAction\",\"target\":{\"@type\":\"EntryPoint\",\"urlTemplate\":\"https:\/\/bfc-profile.com\/es\/?s={search_term_string}\"},\"query-input\":{\"@type\":\"PropertyValueSpecification\",\"valueRequired\":true,\"valueName\":\"search_term_string\"}}],\"inLanguage\":\"es\"},{\"@type\":\"Organization\",\"@id\":\"https:\/\/bfc-profile.com\/es\/#organization\",\"name\":\"bfc \u2013 the innovative cut\",\"url\":\"https:\/\/bfc-profile.com\/es\/\",\"logo\":{\"@type\":\"ImageObject\",\"inLanguage\":\"es\",\"@id\":\"https:\/\/bfc-profile.com\/es\/#\/schema\/logo\/image\/\",\"url\":\"https:\/\/bfc-profile.com\/wp-content\/uploads\/2024\/10\/Gruppe-2.svg\",\"contentUrl\":\"https:\/\/bfc-profile.com\/wp-content\/uploads\/2024\/10\/Gruppe-2.svg\",\"caption\":\"bfc \u2013 the innovative cut\"},\"image\":{\"@id\":\"https:\/\/bfc-profile.com\/es\/#\/schema\/logo\/image\/\"}}]}<\/script>\n<!-- \/ Yoast SEO plugin. -->","yoast_head_json":{"title":"bfc \u2013 the innovative cut | Certificados y descargas - Sostenibilidad en bfc","description":"Descarga certificados como ISO 9001 e IATF 16949 para las sedes de bfc en todo el mundo. Gesti\u00f3n de la calidad y el medio ambiente al m\u00e1s alto nivel.","robots":{"index":"index","follow":"follow","max-snippet":"max-snippet:-1","max-image-preview":"max-image-preview:large","max-video-preview":"max-video-preview:-1"},"canonical":"https:\/\/bfc-profile.com\/es\/descargar\/","og_locale":"es_ES","og_type":"article","og_title":"bfc \u2013 the innovative cut | Certificados y descargas - Sostenibilidad en bfc","og_description":"Descarga certificados como ISO 9001 e IATF 16949 para las sedes de bfc en todo el mundo. Gesti\u00f3n de la calidad y el medio ambiente al m\u00e1s alto nivel.","og_url":"https:\/\/bfc-profile.com\/es\/descargar\/","og_site_name":"bfc \u2013 the innovative cut","article_modified_time":"2024-11-27T13:47:04+00:00","twitter_card":"summary_large_image","schema":{"@context":"https:\/\/schema.org","@graph":[{"@type":"WebPage","@id":"https:\/\/bfc-profile.com\/es\/descargar\/","url":"https:\/\/bfc-profile.com\/es\/descargar\/","name":"bfc \u2013 the innovative cut | Certificados y descargas - Sostenibilidad en bfc","isPartOf":{"@id":"https:\/\/bfc-profile.com\/es\/#website"},"datePublished":"2024-10-17T11:16:32+00:00","dateModified":"2024-11-27T13:47:04+00:00","description":"Descarga certificados como ISO 9001 e IATF 16949 para las sedes de bfc en todo el mundo. Gesti\u00f3n de la calidad y el medio ambiente al m\u00e1s alto nivel.","breadcrumb":{"@id":"https:\/\/bfc-profile.com\/es\/descargar\/#breadcrumb"},"inLanguage":"es","potentialAction":[{"@type":"ReadAction","target":["https:\/\/bfc-profile.com\/es\/descargar\/"]}]},{"@type":"BreadcrumbList","@id":"https:\/\/bfc-profile.com\/es\/descargar\/#breadcrumb","itemListElement":[{"@type":"ListItem","position":1,"name":"Startseite","item":"https:\/\/bfc-profile.com\/es\/"},{"@type":"ListItem","position":2,"name":"descargar"}]},{"@type":"WebSite","@id":"https:\/\/bfc-profile.com\/es\/#website","url":"https:\/\/bfc-profile.com\/es\/","name":"bfc \u2013 the innovative cut","description":"Innovative Klemmprofile mit nachhaltigen L\u00f6sungen","publisher":{"@id":"https:\/\/bfc-profile.com\/es\/#organization"},"potentialAction":[{"@type":"SearchAction","target":{"@type":"EntryPoint","urlTemplate":"https:\/\/bfc-profile.com\/es\/?s={search_term_string}"},"query-input":{"@type":"PropertyValueSpecification","valueRequired":true,"valueName":"search_term_string"}}],"inLanguage":"es"},{"@type":"Organization","@id":"https:\/\/bfc-profile.com\/es\/#organization","name":"bfc \u2013 the innovative cut","url":"https:\/\/bfc-profile.com\/es\/","logo":{"@type":"ImageObject","inLanguage":"es","@id":"https:\/\/bfc-profile.com\/es\/#\/schema\/logo\/image\/","url":"https:\/\/bfc-profile.com\/wp-content\/uploads\/2024\/10\/Gruppe-2.svg","contentUrl":"https:\/\/bfc-profile.com\/wp-content\/uploads\/2024\/10\/Gruppe-2.svg","caption":"bfc \u2013 the innovative cut"},"image":{"@id":"https:\/\/bfc-profile.com\/es\/#\/schema\/logo\/image\/"}}]}},"_links":{"self":[{"href":"https:\/\/bfc-profile.com\/es\/wp-json\/wp\/v2\/pages\/6712","targetHints":{"allow":["GET"]}}],"collection":[{"href":"https:\/\/bfc-profile.com\/es\/wp-json\/wp\/v2\/pages"}],"about":[{"href":"https:\/\/bfc-profile.com\/es\/wp-json\/wp\/v2\/types\/page"}],"author":[{"embeddable":true,"href":"https:\/\/bfc-profile.com\/es\/wp-json\/wp\/v2\/users\/1"}],"replies":[{"embeddable":true,"href":"https:\/\/bfc-profile.com\/es\/wp-json\/wp\/v2\/comments?post=6712"}],"version-history":[{"count":2,"href":"https:\/\/bfc-profile.com\/es\/wp-json\/wp\/v2\/pages\/6712\/revisions"}],"predecessor-version":[{"id":6732,"href":"https:\/\/bfc-profile.com\/es\/wp-json\/wp\/v2\/pages\/6712\/revisions\/6732"}],"wp:attachment":[{"href":"https:\/\/bfc-profile.com\/es\/wp-json\/wp\/v2\/media?parent=6712"}],"curies":[{"name":"wp","href":"https:\/\/api.w.org\/{rel}","templated":true}]}}