{"id":6670,"date":"2024-10-17T13:04:48","date_gmt":"2024-10-17T11:04:48","guid":{"rendered":"https:\/\/bfc-profile.com\/esg\/"},"modified":"2025-06-26T15:12:32","modified_gmt":"2025-06-26T13:12:32","slug":"esg","status":"publish","type":"page","link":"https:\/\/bfc-profile.com\/es\/esg\/","title":{"rendered":"ESG"},"content":{"rendered":"\n<div style=\"height:160px\" aria-hidden=\"true\" class=\"wp-block-spacer\"><\/div>\n\n<div class=\"wp-block-columns is-layout-flex wp-container-core-columns-is-layout-28f84493 wp-block-columns-is-layout-flex\" id=\"vision\">\n<div class=\"wp-block-column is-layout-flow wp-block-column-is-layout-flow\">\n<h2 class=\"wp-block-heading\"><br\/>Como empresa moderna, pensamos en t\u00e9rminos profundamente humanos y actuamos con conciencia econ\u00f3mica y medioambiental.<br\/>Para nosotros, esto significa asumir responsabilidades.<\/h2>\n\n\n\n<div style=\"height:30px\" aria-hidden=\"true\" class=\"wp-block-spacer\"><\/div>\n\n\n\n<p>Como empresa activa en todo el mundo, siempre tenemos en cuenta el impacto de nuestras acciones. Vemos a nuestros empleados, clientes y proveedores como socios fuertes en nuestro empe\u00f1o por ser mejores, vivir nuestros valores y alcanzar nuestros objetivos. Nos consideramos parte de la sociedad. La cooperaci\u00f3n respetuosa y amistosa es un activo valioso para nosotros. Utilizamos los recursos de que disponemos de forma consciente y con la mayor moderaci\u00f3n posible. El futuro de las generaciones venideras es una obligaci\u00f3n para nosotros.     <\/p>\n\n\n\n<div style=\"height:30px\" aria-hidden=\"true\" class=\"wp-block-spacer\"><\/div>\n\n\n\n<div class=\"wp-block-essential-blocks-button esg_pdf_download root-eb-button-jfdwf\"><div class=\"eb-parent-wrapper eb-parent-eb-button-jfdwf \"><div class=\"eb-button-wrapper eb-button-alignment eb-button-jfdwf\"><div class=\"eb-button\"><div class=\"eb-button-inner-wrapper \"><a class=\"eb-button-anchor \" href=\"\/wp-content\/uploads\/2025\/06\/ESG_OR009-2024-Company-Policy_es.pdf\" rel=\"noopener\">Pol\u00edtica de empresa PDF<\/a><\/div><\/div><\/div><\/div><\/div>\n\n\n\n<div class=\"wp-block-essential-blocks-button esg_pdf_download root-eb-button-za7rl\"><div class=\"eb-parent-wrapper eb-parent-eb-button-za7rl \"><div class=\"eb-button-wrapper eb-button-alignment eb-button-za7rl\"><div class=\"eb-button\"><div class=\"eb-button-inner-wrapper \"><a class=\"eb-button-anchor \" href=\"\/wp-content\/uploads\/2025\/06\/ESG_OR001-2024-Compliance-Policy_es.pdf\" rel=\"noopener\">Directrices \u00e9ticas PDF<\/a><\/div><\/div><\/div><\/div><\/div>\n<\/div>\n\n\n\n<div class=\"wp-block-column is-layout-flow wp-block-column-is-layout-flow\"><\/div>\n<\/div>\n\n<div style=\"height:100px\" aria-hidden=\"true\" class=\"wp-block-spacer\"><\/div>\n\n<div class=\"wp-block-group alignfull is-layout-flow wp-block-group-is-layout-flow\" style=\"padding-right:var(--wp--preset--spacing--10);padding-left:var(--wp--preset--spacing--10)\">\n<figure class=\"wp-block-image size-full is-resized arrow-devider hide-on-mobile\"><img decoding=\"async\" src=\"https:\/\/bfc-profile.com\/wp-content\/uploads\/2024\/11\/Pfeil-Desktop_kurz_ESG.svg\" alt=\"\" class=\"wp-image-4235\" style=\"width:889px;height:auto\"\/><\/figure>\n\n\n\n<figure class=\"wp-block-image size-full show-on-mobile\"><img decoding=\"async\" src=\"https:\/\/bfc-profile.com\/wp-content\/uploads\/2024\/11\/Pfeil-Mobil_green.svg\" alt=\"\" class=\"wp-image-4244\"\/><\/figure>\n<\/div>\n\n<div style=\"height:100px\" aria-hidden=\"true\" class=\"wp-block-spacer\"><\/div>\n\n<div class=\"wp-block-columns is-layout-flex wp-container-core-columns-is-layout-28f84493 wp-block-columns-is-layout-flex\" id=\"net-zero-strategie\">\n<div class=\"wp-block-column is-layout-flow wp-block-column-is-layout-flow\" style=\"flex-basis:33.33%\">\n<div class=\"wp-block-group only-mobile has-global-padding is-layout-constrained wp-block-group-is-layout-constrained\">\n<h2 class=\"wp-block-heading\">bfc demuestra sostenibilidad.<br\/>Con el compromiso \u00abNet Zero\u00bb.<\/h2>\n\n\n\n<div style=\"height:30px\" aria-hidden=\"true\" class=\"wp-block-spacer\"><\/div>\n<\/div>\n\n\n\n<figure class=\"wp-block-image size-full\"><img loading=\"lazy\" decoding=\"async\" width=\"503\" height=\"471\" src=\"https:\/\/bfc-profile.com\/wp-content\/uploads\/2024\/10\/AdobeStock_461022701_Preview.png\" alt=\"\" class=\"wp-image-33\" srcset=\"https:\/\/bfc-profile.com\/wp-content\/uploads\/2024\/10\/AdobeStock_461022701_Preview.png 503w, https:\/\/bfc-profile.com\/wp-content\/uploads\/2024\/10\/AdobeStock_461022701_Preview-300x281.png 300w\" sizes=\"auto, (max-width: 503px) 100vw, 503px\" \/><\/figure>\n<\/div>\n\n\n\n<div class=\"wp-block-column is-layout-flow wp-block-column-is-layout-flow\" style=\"flex-basis:3%\"><\/div>\n\n\n\n<div class=\"wp-block-column is-layout-flow wp-block-column-is-layout-flow\" style=\"flex-basis:63.66%\">\n<h2 class=\"wp-block-heading only-desktop\">bfc demuestra sostenibilidad.<br\/>Con el compromiso \u00abNet Zero\u00bb.<\/h2>\n\n\n\n<div style=\"height:30px\" aria-hidden=\"true\" class=\"wp-block-spacer\"><\/div>\n\n\n\n<p>Organizamos todo nuestro proceso de producci\u00f3n de la forma m\u00e1s eficiente posible en cuanto a recursos, con el objetivo de reducir los residuos de producci\u00f3n al m\u00ednimo absoluto y evitar por completo los residuos nocivos o no reciclables, es decir, lograr el \u00abneto cero\u00bb. Adem\u00e1s, las m\u00e1quinas y herramientas utilizadas en bfc est\u00e1n dise\u00f1adas para ser duraderas y ofrecer la m\u00e1xima flexibilidad. Mediante el desarrollo de nuevos materiales, lideramos la fabricaci\u00f3n de productos ligeros que reducen significativamente las emisiones de CO\u2082 y permiten un ahorro de material de hasta el 40%.  <\/p>\n<\/div>\n<\/div>\n\n<div style=\"height:100px\" aria-hidden=\"true\" class=\"wp-block-spacer\"><\/div>\n\n<div class=\"wp-block-group alignfull is-style-default is-layout-flow wp-block-group-is-layout-flow\" style=\"padding-right:var(--wp--preset--spacing--10);padding-left:var(--wp--preset--spacing--10)\">\n<figure class=\"wp-block-image size-full arrow-devider hide-on-mobile\"><img decoding=\"async\" src=\"https:\/\/bfc-profile.com\/wp-content\/uploads\/2024\/11\/Pfeil-Desktop_ESG.svg\" alt=\"\" class=\"wp-image-4239\"\/><\/figure>\n\n\n\n<figure class=\"wp-block-image size-full show-on-mobile\"><img decoding=\"async\" src=\"https:\/\/bfc-profile.com\/wp-content\/uploads\/2024\/11\/Pfeil-Mobil_green.svg\" alt=\"\" class=\"wp-image-4244\"\/><\/figure>\n<\/div>\n\n<div style=\"height:100px\" aria-hidden=\"true\" class=\"wp-block-spacer\"><\/div>\n\n<h2 class=\"wp-block-heading\" id=\"co2-fussabdruck\">La huella de carbono de los<br\/>productos bfc se hace transparente.<\/h2>\n\n<div style=\"height:30px\" aria-hidden=\"true\" class=\"wp-block-spacer\"><\/div>\n\n<div class=\"wp-block-columns is-layout-flex wp-container-core-columns-is-layout-28f84493 wp-block-columns-is-layout-flex\">\n<div class=\"wp-block-column is-layout-flow wp-block-column-is-layout-flow\">\n<p>Somos el primer proveedor que puede informar de la huella de carbono del producto, o PCF para abreviar, de toda nuestra gama de productos. Para evaluar la huella de carbono de los productos bfc se eligi\u00f3 el enfoque \u00abde la cuna a la puerta\u00bb. Abarca las emisiones en las distintas fases del ciclo de vida del producto y se basa en los siguientes pasos Identificaci\u00f3n del producto por material y peso, documentaci\u00f3n de todas las fases y procesos del ciclo de vida del producto y recopilaci\u00f3n de los datos pertinentes, desde la extracci\u00f3n y el procesamiento inicial de las materias primas hasta el envasado, el consumo de energ\u00eda y todas las rutas de transporte.  <\/p>\n\n\n\n<div style=\"height:30px\" aria-hidden=\"true\" class=\"wp-block-spacer\"><\/div>\n\n\n\n<div style=\"height:20px\" aria-hidden=\"true\" class=\"wp-block-spacer\"><\/div>\n<\/div>\n\n\n\n<div class=\"wp-block-column is-layout-flow wp-block-column-is-layout-flow\" style=\"flex-basis:30px\"><\/div>\n\n\n\n<div class=\"wp-block-column is-layout-flow wp-block-column-is-layout-flow\">\n<figure class=\"wp-block-image size-full\"><img loading=\"lazy\" decoding=\"async\" width=\"644\" height=\"333\" src=\"https:\/\/bfc-profile.com\/wp-content\/uploads\/2024\/11\/bfc-esg-logo-1.webp\" alt=\"bfc corte innovador esg logo\" class=\"wp-image-5248\" srcset=\"https:\/\/bfc-profile.com\/wp-content\/uploads\/2024\/11\/bfc-esg-logo-1.webp 644w, https:\/\/bfc-profile.com\/wp-content\/uploads\/2024\/11\/bfc-esg-logo-1-300x155.webp 300w\" sizes=\"auto, (max-width: 644px) 100vw, 644px\" \/><\/figure>\n<\/div>\n<\/div>\n\n<div style=\"height:120px\" aria-hidden=\"true\" class=\"wp-block-spacer\"><\/div>\n\n<div class=\"wp-block-group alignfull has-contrast-color has-text-color has-background has-link-color wp-elements-5730c470d396134b55aa577fd00e307b has-global-padding is-layout-constrained wp-container-core-group-is-layout-c6aabbee wp-block-group-is-layout-constrained\" id=\"einsparungspotential\" style=\"background-color:#f0f0f0;padding-top:var(--wp--preset--spacing--20);padding-right:var(--wp--preset--spacing--30);padding-bottom:var(--wp--preset--spacing--20);padding-left:var(--wp--preset--spacing--30)\">\n<div class=\"wp-block-group has-global-padding is-layout-constrained wp-block-group-is-layout-constrained\">\n<div class=\"wp-block-group is-vertical is-content-justification-stretch is-nowrap is-layout-flex wp-container-core-group-is-layout-73b0033c wp-block-group-is-layout-flex\">\n<div style=\"height:0px\" aria-hidden=\"true\" class=\"wp-block-spacer wp-container-content-e1bb55cb\"><\/div>\n\n\n\n<figure class=\"wp-block-image alignright size-full is-resized esg_saving_potential\"><img decoding=\"async\" src=\"https:\/\/bfc-profile.com\/wp-content\/uploads\/2024\/11\/Savings_ES-1.svg\" alt=\"\" class=\"wp-image-1588\" style=\"aspect-ratio:1;object-fit:contain;width:300px\"\/><\/figure>\n\n\n\n<div style=\"height:0px\" aria-hidden=\"true\" class=\"wp-block-spacer wp-container-content-fc52e659\"><\/div>\n\n\n\n<h2 class=\"wp-block-heading esg_ressourcefriendly-title\">Econ\u00f3mico y con ahorro de recursos &#8211;<br\/>El cliente se beneficia gracias al ahorro potencial.<\/h2>\n\n\n\n<div style=\"height:0px\" aria-hidden=\"true\" class=\"wp-block-spacer wp-container-content-d613cd94\"><\/div>\n\n\n\n<div class=\"tree-container\">\n  <div class=\"main-box\">productos ligeros bfc<\/div>\n  <div class=\"connector-vertical\"><\/div>\n  <div class=\"connector-horizontal\"><\/div>\n  <div class=\"connector-branches\">\n          <div class=\"branch-column\">\n        <div class=\"branch-line\"><\/div>\n        <div class=\"branch\">\n          <div class=\"branch-heading\">Reducci\u00f3n de costos<br \/>\n<br>indirectos<\/div>\n        <\/div>\n        <div class=\"branch_add_content\"><ul>\n<li>Menor peso<\/li>\n<li>Menores costos de transporte<\/li>\n<li>Precio reducido<\/li>\n<li><span style=\"color: #c5d44a\"><strong>Hasta un 25%<\/strong><\/span><\/li>\n<\/ul>\n<p>&nbsp;<\/p>\n<\/div>\n      <\/div>\n          <div class=\"branch-column\">\n        <div class=\"branch-line\"><\/div>\n        <div class=\"branch\">\n          <div class=\"branch-heading\">Reducci\u00f3n de costos<br \/>\n<br>directos<\/div>\n        <\/div>\n        <div class=\"branch_add_content\"><ul>\n<li>Menos caucho necesario<\/li>\n<li>M\u00e1s metros por bobina,<br \/>requiere menos espacio de almacenamiento<\/li>\n<li>Menos esfuerzo de manipulaci\u00f3n<\/li>\n<li><span style=\"color: #c5d44a\"><strong>Hasta un 15%<\/strong><\/span><\/li>\n<\/ul>\n<p>&nbsp;<\/p>\n<\/div>\n      <\/div>\n          <div class=\"branch-column\">\n        <div class=\"branch-line\"><\/div>\n        <div class=\"branch\">\n          <div class=\"branch-heading\">Reducci\u00f3n de<br \/>\n<br>CO\u00b2<\/div>\n        <\/div>\n        <div class=\"branch_add_content\"><ul>\n<li>Reducci\u00f3n del consume de energ\u00eda<br \/>durante la extrusi\u00f3n<\/li>\n<li>Ya preparados para el EU-ETS<\/li>\n<li><span style=\"color: #c5d44a\"><strong>Hasta un 5%<\/strong><\/span><\/li>\n<\/ul>\n<\/div>\n      <\/div>\n      <\/div>\n<\/div>\n\n\n\n<div style=\"height:0px\" aria-hidden=\"true\" class=\"wp-block-spacer wp-container-content-6388d5dc\"><\/div>\n<\/div>\n<\/div>\n<\/div>\n","protected":false},"excerpt":{"rendered":"<p>Como empresa moderna, pensamos en t\u00e9rminos profundamente humanos y actuamos con conciencia econ\u00f3mica y medioambiental.Para nosotros, esto significa asumir responsabilidades. Como empresa activa en todo el mundo, siempre tenemos en cuenta el impacto de nuestras acciones. Vemos a nuestros empleados, clientes y proveedores como socios fuertes en nuestro empe\u00f1o por ser mejores, vivir nuestros valores [&hellip;]<\/p>\n","protected":false},"author":1,"featured_media":0,"parent":0,"menu_order":0,"comment_status":"closed","ping_status":"closed","template":"page-no-title","meta":{"_acf_changed":false,"_eb_attr":"","_eb_data_table":"","footnotes":""},"class_list":["post-6670","page","type-page","status-publish","hentry"],"acf":[],"yoast_head":"<!-- This site is optimized with the Yoast SEO plugin v27.2 - https:\/\/yoast.com\/product\/yoast-seo-wordpress\/ -->\n<title>bfc \u2013 the innovative cut | ESG - Responsabilidad con el medio ambiente y la sociedad<\/title>\n<meta name=\"description\" content=\"Descubre c\u00f3mo bfc aplica procesos de producci\u00f3n sostenibles con estrategias &quot;Net Zero&quot; y una huella de carbono transparente. Por un futuro mejor.\" \/>\n<meta name=\"robots\" content=\"index, follow, max-snippet:-1, max-image-preview:large, max-video-preview:-1\" \/>\n<link rel=\"canonical\" href=\"https:\/\/bfc-profile.com\/es\/esg\/\" \/>\n<meta property=\"og:locale\" content=\"es_ES\" \/>\n<meta property=\"og:type\" content=\"article\" \/>\n<meta property=\"og:title\" content=\"bfc \u2013 the innovative cut | ESG - Responsabilidad con el medio ambiente y la sociedad\" \/>\n<meta property=\"og:description\" content=\"Descubre c\u00f3mo bfc aplica procesos de producci\u00f3n sostenibles con estrategias &quot;Net Zero&quot; y una huella de carbono transparente. Por un futuro mejor.\" \/>\n<meta property=\"og:url\" content=\"https:\/\/bfc-profile.com\/es\/esg\/\" \/>\n<meta property=\"og:site_name\" content=\"bfc \u2013 the innovative cut\" \/>\n<meta property=\"article:modified_time\" content=\"2025-06-26T13:12:32+00:00\" \/>\n<meta name=\"twitter:card\" content=\"summary_large_image\" \/>\n<meta name=\"twitter:label1\" content=\"Tiempo de lectura\" \/>\n\t<meta name=\"twitter:data1\" content=\"4 minutos\" \/>\n<script type=\"application\/ld+json\" class=\"yoast-schema-graph\">{\"@context\":\"https:\/\/schema.org\",\"@graph\":[{\"@type\":\"WebPage\",\"@id\":\"https:\/\/bfc-profile.com\/es\/esg\/\",\"url\":\"https:\/\/bfc-profile.com\/es\/esg\/\",\"name\":\"bfc \u2013 the innovative cut | ESG - Responsabilidad con el medio ambiente y la sociedad\",\"isPartOf\":{\"@id\":\"https:\/\/bfc-profile.com\/es\/#website\"},\"primaryImageOfPage\":{\"@id\":\"https:\/\/bfc-profile.com\/es\/esg\/#primaryimage\"},\"image\":{\"@id\":\"https:\/\/bfc-profile.com\/es\/esg\/#primaryimage\"},\"thumbnailUrl\":\"https:\/\/bfc-profile.com\/wp-content\/uploads\/2024\/11\/Pfeil-Desktop_kurz_ESG.svg\",\"datePublished\":\"2024-10-17T11:04:48+00:00\",\"dateModified\":\"2025-06-26T13:12:32+00:00\",\"description\":\"Descubre c\u00f3mo bfc aplica procesos de producci\u00f3n sostenibles con estrategias \\\"Net Zero\\\" y una huella de carbono transparente. Por un futuro mejor.\",\"breadcrumb\":{\"@id\":\"https:\/\/bfc-profile.com\/es\/esg\/#breadcrumb\"},\"inLanguage\":\"es\",\"potentialAction\":[{\"@type\":\"ReadAction\",\"target\":[\"https:\/\/bfc-profile.com\/es\/esg\/\"]}]},{\"@type\":\"ImageObject\",\"inLanguage\":\"es\",\"@id\":\"https:\/\/bfc-profile.com\/es\/esg\/#primaryimage\",\"url\":\"https:\/\/bfc-profile.com\/wp-content\/uploads\/2024\/11\/Pfeil-Desktop_kurz_ESG.svg\",\"contentUrl\":\"https:\/\/bfc-profile.com\/wp-content\/uploads\/2024\/11\/Pfeil-Desktop_kurz_ESG.svg\"},{\"@type\":\"BreadcrumbList\",\"@id\":\"https:\/\/bfc-profile.com\/es\/esg\/#breadcrumb\",\"itemListElement\":[{\"@type\":\"ListItem\",\"position\":1,\"name\":\"Startseite\",\"item\":\"https:\/\/bfc-profile.com\/es\/\"},{\"@type\":\"ListItem\",\"position\":2,\"name\":\"ESG\"}]},{\"@type\":\"WebSite\",\"@id\":\"https:\/\/bfc-profile.com\/es\/#website\",\"url\":\"https:\/\/bfc-profile.com\/es\/\",\"name\":\"bfc \u2013 the innovative cut\",\"description\":\"Innovative Klemmprofile mit nachhaltigen L\u00f6sungen\",\"publisher\":{\"@id\":\"https:\/\/bfc-profile.com\/es\/#organization\"},\"potentialAction\":[{\"@type\":\"SearchAction\",\"target\":{\"@type\":\"EntryPoint\",\"urlTemplate\":\"https:\/\/bfc-profile.com\/es\/?s={search_term_string}\"},\"query-input\":{\"@type\":\"PropertyValueSpecification\",\"valueRequired\":true,\"valueName\":\"search_term_string\"}}],\"inLanguage\":\"es\"},{\"@type\":\"Organization\",\"@id\":\"https:\/\/bfc-profile.com\/es\/#organization\",\"name\":\"bfc \u2013 the innovative cut\",\"url\":\"https:\/\/bfc-profile.com\/es\/\",\"logo\":{\"@type\":\"ImageObject\",\"inLanguage\":\"es\",\"@id\":\"https:\/\/bfc-profile.com\/es\/#\/schema\/logo\/image\/\",\"url\":\"https:\/\/bfc-profile.com\/wp-content\/uploads\/2024\/10\/Gruppe-2.svg\",\"contentUrl\":\"https:\/\/bfc-profile.com\/wp-content\/uploads\/2024\/10\/Gruppe-2.svg\",\"caption\":\"bfc \u2013 the innovative cut\"},\"image\":{\"@id\":\"https:\/\/bfc-profile.com\/es\/#\/schema\/logo\/image\/\"}}]}<\/script>\n<!-- \/ Yoast SEO plugin. -->","yoast_head_json":{"title":"bfc \u2013 the innovative cut | ESG - Responsabilidad con el medio ambiente y la sociedad","description":"Descubre c\u00f3mo bfc aplica procesos de producci\u00f3n sostenibles con estrategias \"Net Zero\" y una huella de carbono transparente. Por un futuro mejor.","robots":{"index":"index","follow":"follow","max-snippet":"max-snippet:-1","max-image-preview":"max-image-preview:large","max-video-preview":"max-video-preview:-1"},"canonical":"https:\/\/bfc-profile.com\/es\/esg\/","og_locale":"es_ES","og_type":"article","og_title":"bfc \u2013 the innovative cut | ESG - Responsabilidad con el medio ambiente y la sociedad","og_description":"Descubre c\u00f3mo bfc aplica procesos de producci\u00f3n sostenibles con estrategias \"Net Zero\" y una huella de carbono transparente. Por un futuro mejor.","og_url":"https:\/\/bfc-profile.com\/es\/esg\/","og_site_name":"bfc \u2013 the innovative cut","article_modified_time":"2025-06-26T13:12:32+00:00","twitter_card":"summary_large_image","twitter_misc":{"Tiempo de lectura":"4 minutos"},"schema":{"@context":"https:\/\/schema.org","@graph":[{"@type":"WebPage","@id":"https:\/\/bfc-profile.com\/es\/esg\/","url":"https:\/\/bfc-profile.com\/es\/esg\/","name":"bfc \u2013 the innovative cut | ESG - Responsabilidad con el medio ambiente y la sociedad","isPartOf":{"@id":"https:\/\/bfc-profile.com\/es\/#website"},"primaryImageOfPage":{"@id":"https:\/\/bfc-profile.com\/es\/esg\/#primaryimage"},"image":{"@id":"https:\/\/bfc-profile.com\/es\/esg\/#primaryimage"},"thumbnailUrl":"https:\/\/bfc-profile.com\/wp-content\/uploads\/2024\/11\/Pfeil-Desktop_kurz_ESG.svg","datePublished":"2024-10-17T11:04:48+00:00","dateModified":"2025-06-26T13:12:32+00:00","description":"Descubre c\u00f3mo bfc aplica procesos de producci\u00f3n sostenibles con estrategias \"Net Zero\" y una huella de carbono transparente. Por un futuro mejor.","breadcrumb":{"@id":"https:\/\/bfc-profile.com\/es\/esg\/#breadcrumb"},"inLanguage":"es","potentialAction":[{"@type":"ReadAction","target":["https:\/\/bfc-profile.com\/es\/esg\/"]}]},{"@type":"ImageObject","inLanguage":"es","@id":"https:\/\/bfc-profile.com\/es\/esg\/#primaryimage","url":"https:\/\/bfc-profile.com\/wp-content\/uploads\/2024\/11\/Pfeil-Desktop_kurz_ESG.svg","contentUrl":"https:\/\/bfc-profile.com\/wp-content\/uploads\/2024\/11\/Pfeil-Desktop_kurz_ESG.svg"},{"@type":"BreadcrumbList","@id":"https:\/\/bfc-profile.com\/es\/esg\/#breadcrumb","itemListElement":[{"@type":"ListItem","position":1,"name":"Startseite","item":"https:\/\/bfc-profile.com\/es\/"},{"@type":"ListItem","position":2,"name":"ESG"}]},{"@type":"WebSite","@id":"https:\/\/bfc-profile.com\/es\/#website","url":"https:\/\/bfc-profile.com\/es\/","name":"bfc \u2013 the innovative cut","description":"Innovative Klemmprofile mit nachhaltigen L\u00f6sungen","publisher":{"@id":"https:\/\/bfc-profile.com\/es\/#organization"},"potentialAction":[{"@type":"SearchAction","target":{"@type":"EntryPoint","urlTemplate":"https:\/\/bfc-profile.com\/es\/?s={search_term_string}"},"query-input":{"@type":"PropertyValueSpecification","valueRequired":true,"valueName":"search_term_string"}}],"inLanguage":"es"},{"@type":"Organization","@id":"https:\/\/bfc-profile.com\/es\/#organization","name":"bfc \u2013 the innovative cut","url":"https:\/\/bfc-profile.com\/es\/","logo":{"@type":"ImageObject","inLanguage":"es","@id":"https:\/\/bfc-profile.com\/es\/#\/schema\/logo\/image\/","url":"https:\/\/bfc-profile.com\/wp-content\/uploads\/2024\/10\/Gruppe-2.svg","contentUrl":"https:\/\/bfc-profile.com\/wp-content\/uploads\/2024\/10\/Gruppe-2.svg","caption":"bfc \u2013 the innovative cut"},"image":{"@id":"https:\/\/bfc-profile.com\/es\/#\/schema\/logo\/image\/"}}]}},"_links":{"self":[{"href":"https:\/\/bfc-profile.com\/es\/wp-json\/wp\/v2\/pages\/6670","targetHints":{"allow":["GET"]}}],"collection":[{"href":"https:\/\/bfc-profile.com\/es\/wp-json\/wp\/v2\/pages"}],"about":[{"href":"https:\/\/bfc-profile.com\/es\/wp-json\/wp\/v2\/types\/page"}],"author":[{"embeddable":true,"href":"https:\/\/bfc-profile.com\/es\/wp-json\/wp\/v2\/users\/1"}],"replies":[{"embeddable":true,"href":"https:\/\/bfc-profile.com\/es\/wp-json\/wp\/v2\/comments?post=6670"}],"version-history":[{"count":10,"href":"https:\/\/bfc-profile.com\/es\/wp-json\/wp\/v2\/pages\/6670\/revisions"}],"predecessor-version":[{"id":8339,"href":"https:\/\/bfc-profile.com\/es\/wp-json\/wp\/v2\/pages\/6670\/revisions\/8339"}],"wp:attachment":[{"href":"https:\/\/bfc-profile.com\/es\/wp-json\/wp\/v2\/media?parent=6670"}],"curies":[{"name":"wp","href":"https:\/\/api.w.org\/{rel}","templated":true}]}}